{"id":117,"date":"2021-07-12T21:53:23","date_gmt":"2021-07-13T05:53:23","guid":{"rendered":"https:\/\/foodservicenoroeste.com\/?page_id=117"},"modified":"2026-05-03T22:11:08","modified_gmt":"2026-05-04T06:11:08","slug":"inicio","status":"publish","type":"page","link":"https:\/\/foodservicenoroeste.com\/en\/","title":{"rendered":"Home"},"content":{"rendered":"<p>[et_pb_section fb_built=&#8221;1&#8243; admin_label=&#8221;Inicio&#8221; module_id=&#8221;inicio&#8221; _builder_version=&#8221;4.16&#8243; _module_preset=&#8221;default&#8221; custom_padding=&#8221;70px|||||&#8221; global_colors_info=&#8221;{}&#8221;][et_pb_row column_structure=&#8221;2_5,3_5&#8243; _builder_version=&#8221;4.16&#8243; _module_preset=&#8221;default&#8221; custom_padding=&#8221;9px|||||&#8221; global_colors_info=&#8221;{}&#8221;][et_pb_column type=&#8221;2_5&#8243; _builder_version=&#8221;4.16&#8243; _module_preset=&#8221;default&#8221; global_colors_info=&#8221;{}&#8221;][et_pb_text _builder_version=&#8221;4.27.6&#8243; _module_preset=&#8221;default&#8221; text_font_size=&#8221;17px&#8221; text_line_height=&#8221;1.5em&#8221; header_font=&#8221;|700|||||||&#8221; header_line_height=&#8221;1.5em&#8221; header_3_font=&#8221;|600|||||||&#8221; header_3_font_size=&#8221;19px&#8221; header_3_line_height=&#8221;1.5em&#8221; custom_margin=&#8221;3px|||||&#8221; global_colors_info=&#8221;{}&#8221;]<\/p>\n<h1><b>\u00bfPor qu\u00e9 Food Service Noroeste 2026?<\/b><\/h1>\n<p><span style=\"font-weight: 400;\"><\/span><\/p>\n<p><span style=\"font-weight: 400;\">El din\u00e1mico desarrollo del Noroeste de M\u00e9xico en todos los sectores econ\u00f3micos, exige un foro donde converjan proveedores y compradores, profesionales de Hoteles, restaurantes y cafeter\u00edas. Sea parte de la primer edici\u00f3n de Food Service Noroeste, \u201c Alimentando la cadena de valor\u201d<\/span><\/p>\n<p><span style=\"font-weight: 400;\">Desde la internacional gastronom\u00eda de Tijuana, la t\u00edpica del mar en Playas de Rosarito, pasando por la cocina de autor en Ensenada y su Valle de Guadalupe, la riqueza culinaria china de Mexicali y la cocina t\u00edpica de Tecate, adem\u00e1s de una vasta oferta hotelera, resorts, cafeter\u00edas de alto nivel, vida nocturna y lugares de esparcimiento.<\/span><\/p>\n<p><span style=\"font-weight: 400;\">Adem\u00e1s de la pujante industria de manufactura, exigen un foro como este.<\/span><\/p>\n<p>[\/et_pb_text][\/et_pb_column][et_pb_column type=&#8221;3_5&#8243; _builder_version=&#8221;4.16&#8243; _module_preset=&#8221;default&#8221; global_colors_info=&#8221;{}&#8221;][et_pb_image src=&#8221;https:\/\/foodservicenoroeste.com\/wp-content\/uploads\/2021\/07\/foto-bajamak-10-2.png&#8221; title_text=&#8221;foto-bajamak-10-2&#8243; _builder_version=&#8221;4.27.6&#8243; _module_preset=&#8221;default&#8221; custom_margin=&#8221;36px||||false|false&#8221; box_shadow_style=&#8221;preset4&#8243; box_shadow_color=&#8221;#0B2F4E&#8221; global_colors_info=&#8221;{}&#8221;][\/et_pb_image][\/et_pb_column][\/et_pb_row][\/et_pb_section][et_pb_section fb_built=&#8221;1&#8243; fullwidth=&#8221;on&#8221; disabled_on=&#8221;off|off|off&#8221; _builder_version=&#8221;4.16&#8243; _module_preset=&#8221;default&#8221; global_colors_info=&#8221;{}&#8221;][et_pb_fullwidth_image src=&#8221;https:\/\/foodservicenoroeste.com\/wp-content\/uploads\/2026\/05\/desk2-scaled.jpg&#8221; title_text=&#8221;desk2&#8243; disabled_on=&#8221;on|on|off&#8221; _builder_version=&#8221;4.16&#8243; _module_preset=&#8221;default&#8221; global_colors_info=&#8221;{}&#8221;][\/et_pb_fullwidth_image][et_pb_fullwidth_image src=&#8221;https:\/\/foodservicenoroeste.com\/wp-content\/uploads\/2026\/05\/mobil1-scaled.jpg&#8221; title_text=&#8221;mobil1&#8243; disabled_on=&#8221;off|off|on&#8221; _builder_version=&#8221;4.27.6&#8243; _module_preset=&#8221;default&#8221; global_colors_info=&#8221;{}&#8221;][\/et_pb_fullwidth_image][\/et_pb_section][et_pb_section fb_built=&#8221;1&#8243; admin_label=&#8221;Expositores&#8221; module_id=&#8221;expositores&#8221; _builder_version=&#8221;4.16&#8243; _module_preset=&#8221;default&#8221; global_colors_info=&#8221;{}&#8221;][et_pb_row column_structure=&#8221;3_5,2_5&#8243; _builder_version=&#8221;4.16&#8243; _module_preset=&#8221;default&#8221; global_colors_info=&#8221;{}&#8221;][et_pb_column type=&#8221;3_5&#8243; _builder_version=&#8221;4.16&#8243; _module_preset=&#8221;default&#8221; global_colors_info=&#8221;{}&#8221;][et_pb_image src=&#8221;https:\/\/foodservicenoroeste.com\/wp-content\/uploads\/2024\/01\/396705097_838501728277927_4756485446970534080_n.jpg&#8221; title_text=&#8221;396705097_838501728277927_4756485446970534080_n&#8221; _builder_version=&#8221;4.16&#8243; _module_preset=&#8221;default&#8221; box_shadow_style=&#8221;preset4&#8243; box_shadow_color=&#8221;#0B2F4E&#8221; global_colors_info=&#8221;{}&#8221;][\/et_pb_image][\/et_pb_column][et_pb_column type=&#8221;2_5&#8243; _builder_version=&#8221;4.16&#8243; _module_preset=&#8221;default&#8221; global_colors_info=&#8221;{}&#8221;][et_pb_text _builder_version=&#8221;4.27.6&#8243; _module_preset=&#8221;default&#8221; text_font_size=&#8221;17px&#8221; text_line_height=&#8221;1.5em&#8221; header_font=&#8221;|700|||||||&#8221; header_line_height=&#8221;1.5em&#8221; header_3_font=&#8221;|600|||||||&#8221; header_3_font_size=&#8221;19px&#8221; header_3_line_height=&#8221;1.5em&#8221; custom_margin=&#8221;88px|||||&#8221; global_colors_info=&#8221;{}&#8221;]<\/p>\n<h1 style=\"text-align: center;\">Participe como Expositor<\/h1>\n<p style=\"text-align: center;\">Food Service Noroeste es donde su empresa debe de estar.<\/p>\n<h3 style=\"text-align: center;\"><\/h3>\n<h3 style=\"text-align: center;\">\u00a1Reserve hoy mismo su stand!<\/h3>\n<p style=\"text-align: center;\">Pregunte por las opciones de participaci\u00f3n <a href=\"mailto:info@foodservicenoroeste.com\">info@foodservicenoroeste.com<\/a><\/p>\n<p>[\/et_pb_text][et_pb_button button_url=&#8221;mailto:info@foodservicenoroeste.com&#8221; url_new_window=&#8221;on&#8221; button_text=&#8221;M\u00e1s Informaci\u00f3n&#8221; button_alignment=&#8221;center&#8221; _builder_version=&#8221;4.27.6&#8243; _module_preset=&#8221;default&#8221; custom_button=&#8221;on&#8221; button_text_color=&#8221;#FFFFFF&#8221; button_bg_color=&#8221;#F38049&#8243; button_border_color=&#8221;#F38049&#8243; button_icon=&#8221;&#x39;||divi||400&#8243; global_colors_info=&#8221;{}&#8221;][\/et_pb_button][\/et_pb_column][\/et_pb_row][\/et_pb_section][et_pb_section fb_built=&#8221;1&#8243; admin_label=&#8221;Visitantes&#8221; module_id=&#8221;visitantes&#8221; _builder_version=&#8221;4.27.6&#8243; _module_preset=&#8221;default&#8221; background_color=&#8221;#F38049&#8243; use_background_color_gradient=&#8221;on&#8221; background_color_gradient_stops=&#8221;rgba(17,31,58,0.93) 24%|#111f3a 99%&#8221; background_color_gradient_overlays_image=&#8221;on&#8221; background_color_gradient_start=&#8221;rgba(146,127,69,0.9)&#8221; background_color_gradient_end=&#8221;#f38049&#8243; background_image=&#8221;https:\/\/foodservicenoroeste.com\/wp-content\/uploads\/2021\/07\/1460673156.jpg&#8221; global_colors_info=&#8221;{}&#8221;][et_pb_row _builder_version=&#8221;4.16&#8243; _module_preset=&#8221;default&#8221; global_colors_info=&#8221;{}&#8221;][et_pb_column type=&#8221;4_4&#8243; _builder_version=&#8221;4.16&#8243; _module_preset=&#8221;default&#8221; global_colors_info=&#8221;{}&#8221;][et_pb_text _builder_version=&#8221;4.27.6&#8243; _module_preset=&#8221;default&#8221; text_text_color=&#8221;#FFFFFF&#8221; text_font_size=&#8221;17px&#8221; text_line_height=&#8221;1.5em&#8221; header_font=&#8221;|700|||||||&#8221; header_text_color=&#8221;#F38049&#8243; header_line_height=&#8221;1.5em&#8221; header_3_font=&#8221;|600|||||||&#8221; header_3_text_color=&#8221;#F38049&#8243; header_3_font_size=&#8221;19px&#8221; header_3_line_height=&#8221;1.5em&#8221; custom_margin=&#8221;0px||4px|||&#8221; global_colors_info=&#8221;{}&#8221;]<\/p>\n<h1 style=\"text-align: center;\">Reg\u00edstrese como visitante<\/h1>\n<p style=\"text-align: center;\">\u00bfEs usted ejecutivo de servicios de alimentos?, \u00bfProveedor especializado?<\/p>\n<h3 style=\"text-align: center;\">Registre hoy mismo su asistencia a Food Service Noroeste<\/h3>\n<p>[\/et_pb_text][et_pb_code _builder_version=&#8221;4.27.6&#8243; _module_preset=&#8221;default&#8221; hover_enabled=&#8221;0&#8243; global_colors_info=&#8221;{}&#8221; sticky_enabled=&#8221;0&#8243;]<!-- [et_pb_line_break_holder] --><script src=\"\/\/web.webformscr.com\/apps\/fc3\/build\/loader.js\" async sp-form-id=\"1897ba109498228567b1606d9b3cd3872c81e12a16dfc47e6d1c9c7b4b3c48a2\"><\/script>[\/et_pb_code][\/et_pb_column][\/et_pb_row][\/et_pb_section][et_pb_section fb_built=&#8221;1&#8243; disabled_on=&#8221;on|on|on&#8221; _builder_version=&#8221;4.27.6&#8243; _module_preset=&#8221;default&#8221; custom_padding=&#8221;||76px|||&#8221; disabled=&#8221;on&#8221; global_colors_info=&#8221;{}&#8221;][et_pb_row _builder_version=&#8221;4.16&#8243; _module_preset=&#8221;default&#8221; custom_padding=&#8221;||13px|||&#8221; global_colors_info=&#8221;{}&#8221;][et_pb_column type=&#8221;4_4&#8243; _builder_version=&#8221;4.16&#8243; _module_preset=&#8221;default&#8221; global_colors_info=&#8221;{}&#8221;][et_pb_text _builder_version=&#8221;4.16&#8243; _module_preset=&#8221;default&#8221; text_font_size=&#8221;17px&#8221; text_line_height=&#8221;1.5em&#8221; header_font=&#8221;|700|||||||&#8221; header_text_color=&#8221;#0B2F4E&#8221; header_line_height=&#8221;1.5em&#8221; header_3_font=&#8221;|600|||||||&#8221; header_3_font_size=&#8221;19px&#8221; header_3_line_height=&#8221;1.5em&#8221; custom_margin=&#8221;1px||20px|||&#8221; global_colors_info=&#8221;{}&#8221;]<\/p>\n<h1 style=\"text-align: center;\">\u00bfC\u00f3mo llegar?<\/h1>\n<p style=\"text-align: center;\">\n<p>[\/et_pb_text][et_pb_image src=&#8221;https:\/\/foodservicenoroeste.com\/wp-content\/uploads\/2021\/10\/bMak21-Mapa-2.jpg&#8221; title_text=&#8221;bMak21-Mapa-2&#8243; show_in_lightbox=&#8221;on&#8221; align=&#8221;center&#8221; _builder_version=&#8221;4.16&#8243; _module_preset=&#8221;default&#8221; width=&#8221;47%&#8221; width_tablet=&#8221;100%&#8221; width_phone=&#8221;100%&#8221; width_last_edited=&#8221;on|desktop&#8221; custom_margin=&#8221;1px|||||&#8221; global_colors_info=&#8221;{}&#8221;][\/et_pb_image][\/et_pb_column][\/et_pb_row][\/et_pb_section][et_pb_section fb_built=&#8221;1&#8243; disabled_on=&#8221;on|on|on&#8221; admin_label=&#8221;Empresas&#8221; module_id=&#8221;empresas&#8221; _builder_version=&#8221;4.16&#8243; _module_preset=&#8221;default&#8221; custom_padding=&#8221;25px||44px|||&#8221; disabled=&#8221;on&#8221; global_colors_info=&#8221;{}&#8221;][et_pb_row _builder_version=&#8221;4.16&#8243; _module_preset=&#8221;default&#8221; width=&#8221;70%&#8221; width_tablet=&#8221;&#8221; width_phone=&#8221;98%&#8221; width_last_edited=&#8221;on|phone&#8221; global_colors_info=&#8221;{}&#8221;][et_pb_column type=&#8221;4_4&#8243; _builder_version=&#8221;4.16&#8243; _module_preset=&#8221;default&#8221; global_colors_info=&#8221;{}&#8221;][et_pb_text _builder_version=&#8221;4.16&#8243; _module_preset=&#8221;default&#8221; text_font_size=&#8221;17px&#8221; text_line_height=&#8221;1.5em&#8221; header_font=&#8221;|700|||||||&#8221; header_line_height=&#8221;1.5em&#8221; header_3_font=&#8221;|600|||||||&#8221; header_3_font_size=&#8221;19px&#8221; header_3_line_height=&#8221;1.5em&#8221; custom_margin=&#8221;1px||20px|||&#8221; global_colors_info=&#8221;{}&#8221;]<\/p>\n<h1 style=\"text-align: center;\">Empresas Confirmadas<\/h1>\n<p style=\"text-align: center;\">[\/et_pb_text][et_pb_image src=&#8221;https:\/\/foodservicenoroeste.com\/wp-content\/uploads\/2021\/10\/logos_empresas_confirmadas.png&#8221; title_text=&#8221;logos_empresas_confirmadas&#8221; align=&#8221;center&#8221; force_fullwidth=&#8221;on&#8221; _builder_version=&#8221;4.16&#8243; _module_preset=&#8221;default&#8221; custom_margin=&#8221;1px|||||&#8221; global_colors_info=&#8221;{}&#8221;][\/et_pb_image][et_pb_button button_url=&#8221;\/empresas-confirmadas&#8221; button_text=&#8221;Ver lista completa&#8221; button_alignment=&#8221;center&#8221; _builder_version=&#8221;4.16&#8243; _module_preset=&#8221;default&#8221; custom_button=&#8221;on&#8221; button_text_color=&#8221;#FFFFFF&#8221; button_bg_color=&#8221;#F38049&#8243; button_border_color=&#8221;#F38049&#8243; button_icon=&#8221;&#x39;||divi||400&#8243; global_colors_info=&#8221;{}&#8221;][\/et_pb_button][\/et_pb_column][\/et_pb_row][\/et_pb_section][et_pb_section fb_built=&#8221;1&#8243; disabled_on=&#8221;on|on|on&#8221; admin_label=&#8221;Galeria&#8221; module_id=&#8221;galeria&#8221; _builder_version=&#8221;4.27.6&#8243; _module_preset=&#8221;default&#8221; background_color=&#8221;#111F3A&#8221; background_color_gradient_direction=&#8221;124deg&#8221; background_enable_image=&#8221;off&#8221; custom_padding=&#8221;12px||12px||true|false&#8221; disabled=&#8221;on&#8221; global_colors_info=&#8221;{}&#8221;][et_pb_row _builder_version=&#8221;4.16&#8243; _module_preset=&#8221;default&#8221; width=&#8221;100%&#8221; custom_margin=&#8221;4px|auto||auto||&#8221; custom_padding=&#8221;||5px|||&#8221; global_colors_info=&#8221;{}&#8221;][et_pb_column type=&#8221;4_4&#8243; _builder_version=&#8221;4.16&#8243; _module_preset=&#8221;default&#8221; global_colors_info=&#8221;{}&#8221;][et_pb_text _builder_version=&#8221;4.16&#8243; _module_preset=&#8221;default&#8221; text_font_size=&#8221;17px&#8221; text_line_height=&#8221;1.5em&#8221; header_font=&#8221;|700|||||||&#8221; header_text_color=&#8221;#ffffff&#8221; header_font_size=&#8221;40px&#8221; header_line_height=&#8221;1.5em&#8221; header_3_font=&#8221;|600|||||||&#8221; header_3_font_size=&#8221;19px&#8221; header_3_line_height=&#8221;1.5em&#8221; custom_margin=&#8221;1px||4px|||&#8221; global_colors_info=&#8221;{}&#8221;]<\/p>\n<h1 style=\"text-align: center;\">Galer\u00eda<\/h1>\n<p>[\/et_pb_text][\/et_pb_column][\/et_pb_row][et_pb_row use_custom_gutter=&#8221;on&#8221; gutter_width=&#8221;2&#8243; _builder_version=&#8221;4.16&#8243; _module_preset=&#8221;default&#8221; width=&#8221;94%&#8221; custom_margin=&#8221;|auto|22px|auto||&#8221; global_colors_info=&#8221;{}&#8221;][et_pb_column type=&#8221;4_4&#8243; _builder_version=&#8221;4.16&#8243; _module_preset=&#8221;default&#8221; global_colors_info=&#8221;{}&#8221;][et_pb_gallery gallery_ids=&#8221;3851,3859,3861,3867,3854,3868,3865,3857&#8243; posts_number=&#8221;8&#8243; show_title_and_caption=&#8221;off&#8221; show_pagination=&#8221;off&#8221; zoom_icon_color=&#8221;#FFFFFF&#8221; hover_overlay_color=&#8221;rgba(150,196,31,0.71)&#8221; hover_icon=&#8221;&#x54;||divi||400&#8243; _builder_version=&#8221;4.16&#8243; _module_preset=&#8221;default&#8221; width=&#8221;100%&#8221; module_alignment=&#8221;center&#8221; custom_margin=&#8221;||5px|||&#8221; custom_padding=&#8221;||0px|||&#8221; filter_saturate_last_edited=&#8221;off|desktop&#8221; global_colors_info=&#8221;{}&#8221; filter_saturate__hover_enabled=&#8221;on|desktop&#8221; filter_saturate__hover=&#8221;100%&#8221; child_filter_saturate__hover_enabled=&#8221;on|hover&#8221;][\/et_pb_gallery][et_pb_button button_url=&#8221;\/galeria\/&#8221; url_new_window=&#8221;on&#8221; button_text=&#8221;Ver M\u00e1s&#8221; button_alignment=&#8221;center&#8221; _builder_version=&#8221;4.16&#8243; _module_preset=&#8221;default&#8221; custom_button=&#8221;on&#8221; button_text_color=&#8221;#FFFFFF&#8221; button_bg_color=&#8221;#F38049&#8243; button_border_color=&#8221;#F38049&#8243; button_icon=&#8221;&#x39;||divi||400&#8243; custom_margin=&#8221;8px|||||&#8221; global_colors_info=&#8221;{}&#8221;][\/et_pb_button][\/et_pb_column][\/et_pb_row][\/et_pb_section][et_pb_section fb_built=&#8221;1&#8243; disabled_on=&#8221;on|on|on&#8221; _builder_version=&#8221;4.16&#8243; _module_preset=&#8221;default&#8221; disabled=&#8221;on&#8221; global_colors_info=&#8221;{}&#8221;][et_pb_row _builder_version=&#8221;4.16&#8243; _module_preset=&#8221;default&#8221; global_colors_info=&#8221;{}&#8221;][et_pb_column type=&#8221;4_4&#8243; _builder_version=&#8221;4.16&#8243; _module_preset=&#8221;default&#8221; global_colors_info=&#8221;{}&#8221;][et_pb_image src=&#8221;https:\/\/foodservicenoroeste.com\/wp-content\/uploads\/2021\/12\/bMak-WebHeadMovil.png&#8221; _builder_version=&#8221;4.16&#8243; _module_preset=&#8221;default&#8221; global_colors_info=&#8221;{}&#8221;][\/et_pb_image][\/et_pb_column][\/et_pb_row][\/et_pb_section]<\/p>\n","protected":false},"excerpt":{"rendered":"<p>\u00bfPor qu\u00e9 Food Service Noroeste 2026? El din\u00e1mico desarrollo del Noroeste de M\u00e9xico en todos los sectores econ\u00f3micos, exige un foro donde converjan proveedores y compradores, profesionales de Hoteles, restaurantes y cafeter\u00edas. Sea parte de la primer edici\u00f3n de Food Service Noroeste, \u201c Alimentando la cadena de valor\u201d Desde la internacional gastronom\u00eda de Tijuana, la [&hellip;]<\/p>\n","protected":false},"author":1,"featured_media":0,"parent":0,"menu_order":0,"comment_status":"closed","ping_status":"closed","template":"","meta":{"_et_pb_use_builder":"on","_et_pb_old_content":"","_et_gb_content_width":"","footnotes":""},"class_list":["post-117","page","type-page","status-publish","hentry"],"_links":{"self":[{"href":"https:\/\/foodservicenoroeste.com\/en\/wp-json\/wp\/v2\/pages\/117","targetHints":{"allow":["GET"]}}],"collection":[{"href":"https:\/\/foodservicenoroeste.com\/en\/wp-json\/wp\/v2\/pages"}],"about":[{"href":"https:\/\/foodservicenoroeste.com\/en\/wp-json\/wp\/v2\/types\/page"}],"author":[{"embeddable":true,"href":"https:\/\/foodservicenoroeste.com\/en\/wp-json\/wp\/v2\/users\/1"}],"replies":[{"embeddable":true,"href":"https:\/\/foodservicenoroeste.com\/en\/wp-json\/wp\/v2\/comments?post=117"}],"version-history":[{"count":85,"href":"https:\/\/foodservicenoroeste.com\/en\/wp-json\/wp\/v2\/pages\/117\/revisions"}],"predecessor-version":[{"id":4443,"href":"https:\/\/foodservicenoroeste.com\/en\/wp-json\/wp\/v2\/pages\/117\/revisions\/4443"}],"wp:attachment":[{"href":"https:\/\/foodservicenoroeste.com\/en\/wp-json\/wp\/v2\/media?parent=117"}],"curies":[{"name":"wp","href":"https:\/\/api.w.org\/{rel}","templated":true}]}}